{"id":770,"date":"2025-03-26T14:58:36","date_gmt":"2025-03-26T13:58:36","guid":{"rendered":"https:\/\/horizon-living.hr\/services\/"},"modified":"2025-05-05T13:19:13","modified_gmt":"2025-05-05T11:19:13","slug":"services","status":"publish","type":"page","link":"https:\/\/horizon-living.hr\/en\/services\/","title":{"rendered":"Services"},"content":{"rendered":"\t\t<div data-elementor-type=\"wp-page\" data-elementor-id=\"770\" class=\"elementor elementor-770 elementor-488\" data-elementor-post-type=\"page\">\n\t\t\t\t<div class=\"elementor-element elementor-element-bb6d4cc e-flex e-con-boxed e-con e-parent\" data-id=\"bb6d4cc\" data-element_type=\"container\" data-e-type=\"container\" data-settings=\"{&quot;background_background&quot;:&quot;classic&quot;}\">\n\t\t\t\t\t<div class=\"e-con-inner\">\n\t\t<div class=\"elementor-element elementor-element-646edcd e-con-full e-flex e-con e-child\" data-id=\"646edcd\" data-element_type=\"container\" data-e-type=\"container\">\n\t\t\t\t<div class=\"elementor-element elementor-element-c8a8762 elementor-widget elementor-widget-heading\" data-id=\"c8a8762\" data-element_type=\"widget\" data-e-type=\"widget\" data-widget_type=\"heading.default\">\n\t\t\t\t<div class=\"elementor-widget-container\">\n\t\t\t\t\t<h1 class=\"elementor-heading-title elementor-size-default\">Services <\/h1>\t\t\t\t<\/div>\n\t\t\t\t<\/div>\n\t\t\t\t<\/div>\n\t\t\t\t\t<\/div>\n\t\t\t\t<\/div>\n\t\t<div class=\"elementor-element elementor-element-f095d61 e-flex e-con-boxed e-con e-parent\" data-id=\"f095d61\" data-element_type=\"container\" data-e-type=\"container\">\n\t\t\t\t\t<div class=\"e-con-inner\">\n\t\t<div class=\"elementor-element elementor-element-7c3821d e-con-full e-flex e-con e-child\" data-id=\"7c3821d\" data-element_type=\"container\" data-e-type=\"container\">\n\t\t\t\t<div class=\"elementor-element elementor-element-dc7b609 elementor-widget elementor-widget-image\" data-id=\"dc7b609\" data-element_type=\"widget\" data-e-type=\"widget\" data-widget_type=\"image.default\">\n\t\t\t\t<div class=\"elementor-widget-container\">\n\t\t\t\t\t\t\t\t\t\t\t\t\t\t\t<img fetchpriority=\"high\" decoding=\"async\" width=\"1024\" height=\"573\" src=\"https:\/\/horizon-living.hr\/wp-content\/uploads\/2025\/03\/Horizon-living-3-1024x573.webp\" class=\"attachment-large size-large wp-image-439\" alt=\"\" srcset=\"https:\/\/horizon-living.hr\/wp-content\/uploads\/2025\/03\/Horizon-living-3-1024x573.webp 1024w, https:\/\/horizon-living.hr\/wp-content\/uploads\/2025\/03\/Horizon-living-3-600x336.webp 600w, https:\/\/horizon-living.hr\/wp-content\/uploads\/2025\/03\/Horizon-living-3-300x168.webp 300w, https:\/\/horizon-living.hr\/wp-content\/uploads\/2025\/03\/Horizon-living-3-768x430.webp 768w, https:\/\/horizon-living.hr\/wp-content\/uploads\/2025\/03\/Horizon-living-3-1536x860.webp 1536w, https:\/\/horizon-living.hr\/wp-content\/uploads\/2025\/03\/Horizon-living-3.webp 1600w\" sizes=\"(max-width: 1024px) 100vw, 1024px\" \/>\t\t\t\t\t\t\t\t\t\t\t\t\t\t\t<\/div>\n\t\t\t\t<\/div>\n\t\t\t\t<div class=\"elementor-element elementor-element-87386ed elementor-widget elementor-widget-image\" data-id=\"87386ed\" data-element_type=\"widget\" data-e-type=\"widget\" data-widget_type=\"image.default\">\n\t\t\t\t<div class=\"elementor-widget-container\">\n\t\t\t\t\t\t\t\t\t\t\t\t\t\t\t<img decoding=\"async\" width=\"940\" height=\"788\" src=\"https:\/\/horizon-living.hr\/wp-content\/uploads\/2025\/03\/Montaza-terasa-i-mobilnih-kuca-Hrvatska.png\" class=\"attachment-large size-large wp-image-469\" alt=\"\" srcset=\"https:\/\/horizon-living.hr\/wp-content\/uploads\/2025\/03\/Montaza-terasa-i-mobilnih-kuca-Hrvatska.png 940w, https:\/\/horizon-living.hr\/wp-content\/uploads\/2025\/03\/Montaza-terasa-i-mobilnih-kuca-Hrvatska-600x503.png 600w, https:\/\/horizon-living.hr\/wp-content\/uploads\/2025\/03\/Montaza-terasa-i-mobilnih-kuca-Hrvatska-300x251.png 300w, https:\/\/horizon-living.hr\/wp-content\/uploads\/2025\/03\/Montaza-terasa-i-mobilnih-kuca-Hrvatska-768x644.png 768w\" sizes=\"(max-width: 940px) 100vw, 940px\" \/>\t\t\t\t\t\t\t\t\t\t\t\t\t\t\t<\/div>\n\t\t\t\t<\/div>\n\t\t\t\t<\/div>\n\t\t<div class=\"elementor-element elementor-element-0fa9670 e-con-full e-flex e-con e-child\" data-id=\"0fa9670\" data-element_type=\"container\" data-e-type=\"container\">\n\t\t\t\t<div class=\"elementor-element elementor-element-9d683bc elementor-widget elementor-widget-text-editor\" data-id=\"9d683bc\" data-element_type=\"widget\" data-e-type=\"widget\" data-widget_type=\"text-editor.default\">\n\t\t\t\t<div class=\"elementor-widget-container\">\n\t\t\t\t\t\t\t\t\t<h2 data-start=\"96\" data-end=\"315\"><strong data-start=\"96\" data-end=\"114\">Horizon Living<\/strong> specializes in the professional, efficient, and high-quality installation and dismantling of mobile homes and terraces. We operate across Croatia and Europe. Here&#8217;s a brief overview of our services.<\/h2><p class=\"\" data-start=\"317\" data-end=\"429\"><strong data-start=\"317\" data-end=\"344\">RECEIVING AND TRANSPORT<\/strong><br data-start=\"344\" data-end=\"347\" \/>\u2022 Reception of mobile homes upon arrival.<br data-start=\"388\" data-end=\"391\" \/>\u2022 Transport to the desired location.<\/p><p class=\"\" data-start=\"431\" data-end=\"691\"><strong data-start=\"431\" data-end=\"457\">INSTALLATION AND SETUP<\/strong><br data-start=\"457\" data-end=\"460\" \/>\u2022 Positioning the mobile home on a solid foundation.<br data-start=\"512\" data-end=\"515\" \/>\u2022 Leveling.<br data-start=\"526\" data-end=\"529\" \/>\u2022 Connection to electrical supply, water hookup, and testing.<br data-start=\"590\" data-end=\"593\" \/>\u2022 Connection to drainage and sewage systems.<br data-start=\"637\" data-end=\"640\" \/>\u2022 Chimney installation.<br data-start=\"663\" data-end=\"666\" \/>\u2022 Terrace installation.<\/p><p class=\"\" data-start=\"693\" data-end=\"1031\"><strong data-start=\"693\" data-end=\"734\">DISMANTLING AND TRANSPORT PREPARATION<\/strong><br data-start=\"734\" data-end=\"737\" \/>\u2022 Disconnection of electricity, water, sewage, air conditioning units, and chimneys.<br data-start=\"821\" data-end=\"824\" \/>\u2022 Securing all inventory and appliances inside the mobile home for safe transport.<br data-start=\"906\" data-end=\"909\" \/>\u2022 Organization of necessary crane operations.<br data-start=\"954\" data-end=\"957\" \/>\u2022 Waste removal and disposal in accordance with environmental standards.<\/p>\t\t\t\t\t\t\t\t<\/div>\n\t\t\t\t<\/div>\n\t\t\t\t<\/div>\n\t\t\t\t\t<\/div>\n\t\t\t\t<\/div>\n\t\t<div class=\"elementor-element elementor-element-f2f7b2c e-flex e-con-boxed e-con e-parent\" data-id=\"f2f7b2c\" data-element_type=\"container\" data-e-type=\"container\">\n\t\t\t\t\t<div class=\"e-con-inner\">\n\t\t\t\t<div class=\"elementor-element elementor-element-a1aed08 elementor-cta--skin-classic elementor-animated-content elementor-bg-transform elementor-bg-transform-zoom-in elementor-widget elementor-widget-call-to-action\" data-id=\"a1aed08\" data-element_type=\"widget\" data-e-type=\"widget\" data-widget_type=\"call-to-action.default\">\n\t\t\t\t<div class=\"elementor-widget-container\">\n\t\t\t\t\t\t\t<div class=\"elementor-cta\">\n\t\t\t\t\t<div class=\"elementor-cta__bg-wrapper\">\n\t\t\t\t<div class=\"elementor-cta__bg elementor-bg\" style=\"background-image: url(https:\/\/horizon-living.hr\/wp-content\/uploads\/2025\/03\/Horizon-living-5-1024x573.webp);\" role=\"img\" aria-label=\"Horizon - living-5\"><\/div>\n\t\t\t\t<div class=\"elementor-cta__bg-overlay\"><\/div>\n\t\t\t<\/div>\n\t\t\t\t\t\t\t<div class=\"elementor-cta__content\">\n\t\t\t\t\n\t\t\t\t\t\t\t\t\t<h2 class=\"elementor-cta__title elementor-cta__content-item elementor-content-item\">\n\t\t\t\t\t\tLook no further\t\t\t\t\t<\/h2>\n\t\t\t\t\n\t\t\t\t\t\t\t\t\t<div class=\"elementor-cta__description elementor-cta__content-item elementor-content-item\">\n\t\t\t\t\t\tcontact us today to arrange a collaboration.\t\t\t\t\t<\/div>\n\t\t\t\t\n\t\t\t\t\t\t\t\t\t<div class=\"elementor-cta__button-wrapper elementor-cta__content-item elementor-content-item \">\n\t\t\t\t\t<a class=\"elementor-cta__button elementor-button elementor-size-\" href=\"https:\/\/horizon-living.hr\/en\/contact\/\">\n\t\t\t\t\t\tCONTACT \t\t\t\t\t<\/a>\n\t\t\t\t\t<\/div>\n\t\t\t\t\t\t\t<\/div>\n\t\t\t\t\t\t<\/div>\n\t\t\t\t\t\t<\/div>\n\t\t\t\t<\/div>\n\t\t\t\t\t<\/div>\n\t\t\t\t<\/div>\n\t\t\t\t<\/div>\n\t\t","protected":false},"excerpt":{"rendered":"<p>Services Horizon Living specializes in the professional, efficient, and high-quality installation and dismantling of mobile homes and terraces. We operate across Croatia and Europe. Here&#8217;s a brief overview of our services. RECEIVING AND TRANSPORT\u2022 Reception of mobile homes upon arrival.\u2022 Transport to the desired location. INSTALLATION AND SETUP\u2022 Positioning the mobile home on a solid [&hellip;]<\/p>\n","protected":false},"author":2,"featured_media":458,"parent":0,"menu_order":0,"comment_status":"closed","ping_status":"closed","template":"","meta":{"ocean_post_layout":"full-screen","ocean_both_sidebars_style":"","ocean_both_sidebars_content_width":0,"ocean_both_sidebars_sidebars_width":0,"ocean_sidebar":"","ocean_second_sidebar":"","ocean_disable_margins":"enable","ocean_add_body_class":"","ocean_shortcode_before_top_bar":"","ocean_shortcode_after_top_bar":"","ocean_shortcode_before_header":"","ocean_shortcode_after_header":"","ocean_has_shortcode":"","ocean_shortcode_after_title":"","ocean_shortcode_before_footer_widgets":"","ocean_shortcode_after_footer_widgets":"","ocean_shortcode_before_footer_bottom":"","ocean_shortcode_after_footer_bottom":"","ocean_display_top_bar":"default","ocean_display_header":"default","ocean_header_style":"","ocean_center_header_left_menu":"","ocean_custom_header_template":"","ocean_custom_logo":0,"ocean_custom_retina_logo":0,"ocean_custom_logo_max_width":0,"ocean_custom_logo_tablet_max_width":0,"ocean_custom_logo_mobile_max_width":0,"ocean_custom_logo_max_height":0,"ocean_custom_logo_tablet_max_height":0,"ocean_custom_logo_mobile_max_height":0,"ocean_header_custom_menu":"","ocean_menu_typo_font_family":"","ocean_menu_typo_font_subset":"","ocean_menu_typo_font_size":0,"ocean_menu_typo_font_size_tablet":0,"ocean_menu_typo_font_size_mobile":0,"ocean_menu_typo_font_size_unit":"px","ocean_menu_typo_font_weight":"","ocean_menu_typo_font_weight_tablet":"","ocean_menu_typo_font_weight_mobile":"","ocean_menu_typo_transform":"","ocean_menu_typo_transform_tablet":"","ocean_menu_typo_transform_mobile":"","ocean_menu_typo_line_height":0,"ocean_menu_typo_line_height_tablet":0,"ocean_menu_typo_line_height_mobile":0,"ocean_menu_typo_line_height_unit":"","ocean_menu_typo_spacing":0,"ocean_menu_typo_spacing_tablet":0,"ocean_menu_typo_spacing_mobile":0,"ocean_menu_typo_spacing_unit":"","ocean_menu_link_color":"","ocean_menu_link_color_hover":"","ocean_menu_link_color_active":"","ocean_menu_link_background":"","ocean_menu_link_hover_background":"","ocean_menu_link_active_background":"","ocean_menu_social_links_bg":"","ocean_menu_social_hover_links_bg":"","ocean_menu_social_links_color":"","ocean_menu_social_hover_links_color":"","ocean_disable_title":"on","ocean_disable_heading":"default","ocean_post_title":"","ocean_post_subheading":"","ocean_post_title_style":"","ocean_post_title_background_color":"","ocean_post_title_background":0,"ocean_post_title_bg_image_position":"","ocean_post_title_bg_image_attachment":"","ocean_post_title_bg_image_repeat":"","ocean_post_title_bg_image_size":"","ocean_post_title_height":0,"ocean_post_title_bg_overlay":0.5,"ocean_post_title_bg_overlay_color":"","ocean_disable_breadcrumbs":"default","ocean_breadcrumbs_color":"","ocean_breadcrumbs_separator_color":"","ocean_breadcrumbs_links_color":"","ocean_breadcrumbs_links_hover_color":"","ocean_display_footer_widgets":"default","ocean_display_footer_bottom":"default","ocean_custom_footer_template":"","osh_disable_topbar_sticky":"default","osh_disable_header_sticky":"default","osh_sticky_header_style":"default","osh_sticky_header_effect":"","osh_custom_sticky_logo":0,"osh_custom_retina_sticky_logo":0,"osh_custom_sticky_logo_height":0,"osh_background_color":"","osh_links_color":"","osh_links_hover_color":"","osh_links_active_color":"","osh_links_bg_color":"","osh_links_hover_bg_color":"","osh_links_active_bg_color":"","osh_menu_social_links_color":"","osh_menu_social_hover_links_color":"","footnotes":""},"class_list":["post-770","page","type-page","status-publish","has-post-thumbnail","hentry","entry","has-media"],"yoast_head":"<!-- This site is optimized with the Yoast SEO plugin v27.1.1 - https:\/\/yoast.com\/product\/yoast-seo-wordpress\/ -->\n<title>Services - Horizon Living<\/title>\n<meta name=\"description\" content=\"Horizon Living bavi se monta\u017eom i demonta\u017eom mobilnih ku\u0107ica i terasa na stru\u010dan, brz i kvalitetan na\u010din.\" \/>\n<meta name=\"robots\" content=\"index, follow, max-snippet:-1, max-image-preview:large, max-video-preview:-1\" \/>\n<link rel=\"canonical\" href=\"https:\/\/horizon-living.hr\/en\/services\/\" \/>\n<meta property=\"og:locale\" content=\"en_US\" \/>\n<meta property=\"og:type\" content=\"article\" \/>\n<meta property=\"og:title\" content=\"Services - Horizon Living\" \/>\n<meta property=\"og:description\" content=\"Horizon Living bavi se monta\u017eom i demonta\u017eom mobilnih ku\u0107ica i terasa na stru\u010dan, brz i kvalitetan na\u010din.\" \/>\n<meta property=\"og:url\" content=\"https:\/\/horizon-living.hr\/en\/services\/\" \/>\n<meta property=\"og:site_name\" content=\"Horizon Living\" \/>\n<meta property=\"article:modified_time\" content=\"2025-05-05T11:19:13+00:00\" \/>\n<meta property=\"og:image\" content=\"https:\/\/horizon-living.hr\/wp-content\/uploads\/2025\/03\/HorizonLiving-2-scaled.jpg\" \/>\n\t<meta property=\"og:image:width\" content=\"2560\" \/>\n\t<meta property=\"og:image:height\" content=\"1920\" \/>\n\t<meta property=\"og:image:type\" content=\"image\/jpeg\" \/>\n<meta name=\"twitter:card\" content=\"summary_large_image\" \/>\n<meta name=\"twitter:label1\" content=\"Est. reading time\" \/>\n\t<meta name=\"twitter:data1\" content=\"2 minutes\" \/>\n<script type=\"application\/ld+json\" class=\"yoast-schema-graph\">{\"@context\":\"https:\/\/schema.org\",\"@graph\":[{\"@type\":\"WebPage\",\"@id\":\"https:\/\/horizon-living.hr\/en\/services\/\",\"url\":\"https:\/\/horizon-living.hr\/en\/services\/\",\"name\":\"Services - Horizon Living\",\"isPartOf\":{\"@id\":\"https:\/\/horizon-living.hr\/en\/#website\"},\"primaryImageOfPage\":{\"@id\":\"https:\/\/horizon-living.hr\/en\/services\/#primaryimage\"},\"image\":{\"@id\":\"https:\/\/horizon-living.hr\/en\/services\/#primaryimage\"},\"thumbnailUrl\":\"https:\/\/horizon-living.hr\/wp-content\/uploads\/2025\/03\/HorizonLiving-2-scaled.jpg\",\"datePublished\":\"2025-03-26T13:58:36+00:00\",\"dateModified\":\"2025-05-05T11:19:13+00:00\",\"description\":\"Horizon Living bavi se monta\u017eom i demonta\u017eom mobilnih ku\u0107ica i terasa na stru\u010dan, brz i kvalitetan na\u010din.\",\"breadcrumb\":{\"@id\":\"https:\/\/horizon-living.hr\/en\/services\/#breadcrumb\"},\"inLanguage\":\"en-US\",\"potentialAction\":[{\"@type\":\"ReadAction\",\"target\":[\"https:\/\/horizon-living.hr\/en\/services\/\"]}]},{\"@type\":\"ImageObject\",\"inLanguage\":\"en-US\",\"@id\":\"https:\/\/horizon-living.hr\/en\/services\/#primaryimage\",\"url\":\"https:\/\/horizon-living.hr\/wp-content\/uploads\/2025\/03\/HorizonLiving-2-scaled.jpg\",\"contentUrl\":\"https:\/\/horizon-living.hr\/wp-content\/uploads\/2025\/03\/HorizonLiving-2-scaled.jpg\",\"width\":2560,\"height\":1920},{\"@type\":\"BreadcrumbList\",\"@id\":\"https:\/\/horizon-living.hr\/en\/services\/#breadcrumb\",\"itemListElement\":[{\"@type\":\"ListItem\",\"position\":1,\"name\":\"Po\u010detna stranica\",\"item\":\"https:\/\/horizon-living.hr\/en\/\"},{\"@type\":\"ListItem\",\"position\":2,\"name\":\"Services\"}]},{\"@type\":\"WebSite\",\"@id\":\"https:\/\/horizon-living.hr\/en\/#website\",\"url\":\"https:\/\/horizon-living.hr\/en\/\",\"name\":\"Horizon Living\",\"description\":\"\",\"publisher\":{\"@id\":\"https:\/\/horizon-living.hr\/en\/#organization\"},\"potentialAction\":[{\"@type\":\"SearchAction\",\"target\":{\"@type\":\"EntryPoint\",\"urlTemplate\":\"https:\/\/horizon-living.hr\/en\/?s={search_term_string}\"},\"query-input\":{\"@type\":\"PropertyValueSpecification\",\"valueRequired\":true,\"valueName\":\"search_term_string\"}}],\"inLanguage\":\"en-US\"},{\"@type\":\"Organization\",\"@id\":\"https:\/\/horizon-living.hr\/en\/#organization\",\"name\":\"Horizon Living\",\"url\":\"https:\/\/horizon-living.hr\/en\/\",\"logo\":{\"@type\":\"ImageObject\",\"inLanguage\":\"en-US\",\"@id\":\"https:\/\/horizon-living.hr\/en\/#\/schema\/logo\/image\/\",\"url\":\"https:\/\/horizon-living.hr\/wp-content\/uploads\/2025\/03\/cropped-HorizonLiving-za-tamne-pozadine-final.png\",\"contentUrl\":\"https:\/\/horizon-living.hr\/wp-content\/uploads\/2025\/03\/cropped-HorizonLiving-za-tamne-pozadine-final.png\",\"width\":2499,\"height\":1143,\"caption\":\"Horizon Living\"},\"image\":{\"@id\":\"https:\/\/horizon-living.hr\/en\/#\/schema\/logo\/image\/\"}}]}<\/script>\n<!-- \/ Yoast SEO plugin. -->","yoast_head_json":{"title":"Services - Horizon Living","description":"Horizon Living bavi se monta\u017eom i demonta\u017eom mobilnih ku\u0107ica i terasa na stru\u010dan, brz i kvalitetan na\u010din.","robots":{"index":"index","follow":"follow","max-snippet":"max-snippet:-1","max-image-preview":"max-image-preview:large","max-video-preview":"max-video-preview:-1"},"canonical":"https:\/\/horizon-living.hr\/en\/services\/","og_locale":"en_US","og_type":"article","og_title":"Services - Horizon Living","og_description":"Horizon Living bavi se monta\u017eom i demonta\u017eom mobilnih ku\u0107ica i terasa na stru\u010dan, brz i kvalitetan na\u010din.","og_url":"https:\/\/horizon-living.hr\/en\/services\/","og_site_name":"Horizon Living","article_modified_time":"2025-05-05T11:19:13+00:00","og_image":[{"width":2560,"height":1920,"url":"https:\/\/horizon-living.hr\/wp-content\/uploads\/2025\/03\/HorizonLiving-2-scaled.jpg","type":"image\/jpeg"}],"twitter_card":"summary_large_image","twitter_misc":{"Est. reading time":"2 minutes"},"schema":{"@context":"https:\/\/schema.org","@graph":[{"@type":"WebPage","@id":"https:\/\/horizon-living.hr\/en\/services\/","url":"https:\/\/horizon-living.hr\/en\/services\/","name":"Services - Horizon Living","isPartOf":{"@id":"https:\/\/horizon-living.hr\/en\/#website"},"primaryImageOfPage":{"@id":"https:\/\/horizon-living.hr\/en\/services\/#primaryimage"},"image":{"@id":"https:\/\/horizon-living.hr\/en\/services\/#primaryimage"},"thumbnailUrl":"https:\/\/horizon-living.hr\/wp-content\/uploads\/2025\/03\/HorizonLiving-2-scaled.jpg","datePublished":"2025-03-26T13:58:36+00:00","dateModified":"2025-05-05T11:19:13+00:00","description":"Horizon Living bavi se monta\u017eom i demonta\u017eom mobilnih ku\u0107ica i terasa na stru\u010dan, brz i kvalitetan na\u010din.","breadcrumb":{"@id":"https:\/\/horizon-living.hr\/en\/services\/#breadcrumb"},"inLanguage":"en-US","potentialAction":[{"@type":"ReadAction","target":["https:\/\/horizon-living.hr\/en\/services\/"]}]},{"@type":"ImageObject","inLanguage":"en-US","@id":"https:\/\/horizon-living.hr\/en\/services\/#primaryimage","url":"https:\/\/horizon-living.hr\/wp-content\/uploads\/2025\/03\/HorizonLiving-2-scaled.jpg","contentUrl":"https:\/\/horizon-living.hr\/wp-content\/uploads\/2025\/03\/HorizonLiving-2-scaled.jpg","width":2560,"height":1920},{"@type":"BreadcrumbList","@id":"https:\/\/horizon-living.hr\/en\/services\/#breadcrumb","itemListElement":[{"@type":"ListItem","position":1,"name":"Po\u010detna stranica","item":"https:\/\/horizon-living.hr\/en\/"},{"@type":"ListItem","position":2,"name":"Services"}]},{"@type":"WebSite","@id":"https:\/\/horizon-living.hr\/en\/#website","url":"https:\/\/horizon-living.hr\/en\/","name":"Horizon Living","description":"","publisher":{"@id":"https:\/\/horizon-living.hr\/en\/#organization"},"potentialAction":[{"@type":"SearchAction","target":{"@type":"EntryPoint","urlTemplate":"https:\/\/horizon-living.hr\/en\/?s={search_term_string}"},"query-input":{"@type":"PropertyValueSpecification","valueRequired":true,"valueName":"search_term_string"}}],"inLanguage":"en-US"},{"@type":"Organization","@id":"https:\/\/horizon-living.hr\/en\/#organization","name":"Horizon Living","url":"https:\/\/horizon-living.hr\/en\/","logo":{"@type":"ImageObject","inLanguage":"en-US","@id":"https:\/\/horizon-living.hr\/en\/#\/schema\/logo\/image\/","url":"https:\/\/horizon-living.hr\/wp-content\/uploads\/2025\/03\/cropped-HorizonLiving-za-tamne-pozadine-final.png","contentUrl":"https:\/\/horizon-living.hr\/wp-content\/uploads\/2025\/03\/cropped-HorizonLiving-za-tamne-pozadine-final.png","width":2499,"height":1143,"caption":"Horizon Living"},"image":{"@id":"https:\/\/horizon-living.hr\/en\/#\/schema\/logo\/image\/"}}]}},"_links":{"self":[{"href":"https:\/\/horizon-living.hr\/en\/wp-json\/wp\/v2\/pages\/770","targetHints":{"allow":["GET"]}}],"collection":[{"href":"https:\/\/horizon-living.hr\/en\/wp-json\/wp\/v2\/pages"}],"about":[{"href":"https:\/\/horizon-living.hr\/en\/wp-json\/wp\/v2\/types\/page"}],"author":[{"embeddable":true,"href":"https:\/\/horizon-living.hr\/en\/wp-json\/wp\/v2\/users\/2"}],"replies":[{"embeddable":true,"href":"https:\/\/horizon-living.hr\/en\/wp-json\/wp\/v2\/comments?post=770"}],"version-history":[{"count":13,"href":"https:\/\/horizon-living.hr\/en\/wp-json\/wp\/v2\/pages\/770\/revisions"}],"predecessor-version":[{"id":965,"href":"https:\/\/horizon-living.hr\/en\/wp-json\/wp\/v2\/pages\/770\/revisions\/965"}],"wp:featuredmedia":[{"embeddable":true,"href":"https:\/\/horizon-living.hr\/en\/wp-json\/wp\/v2\/media\/458"}],"wp:attachment":[{"href":"https:\/\/horizon-living.hr\/en\/wp-json\/wp\/v2\/media?parent=770"}],"curies":[{"name":"wp","href":"https:\/\/api.w.org\/{rel}","templated":true}]}}